{"id":2332,"date":"2017-06-15T18:03:01","date_gmt":"2017-06-15T23:03:01","guid":{"rendered":"https:\/\/nutricionecuador.com\/?post_type=product&#038;p=2332"},"modified":"2020-08-19T16:46:16","modified_gmt":"2020-08-19T21:46:16","slug":"colageno-330gr","status":"publish","type":"product","link":"https:\/\/nutricionecuador.com\/?product=colageno-330gr","title":{"rendered":"Colageno 100% Hidrolizado"},"content":{"rendered":"<p>COLAGENO 100% HIDROLIZADO<br \/>\n(De r\u00e1pida absorci\u00f3n)<\/p>\n<p>++++Rejuvenecimiento++++<br \/>\n++++++Piel mas bella++++++<span class=\"text_exposed_show\"><br \/>\n++++Huesos saludables++++<\/span><\/p>\n<div class=\"text_exposed_show\">\n<p>El col\u00e1geno es una prote\u00edna, la m\u00e1s abundante en el organismo ya que representa aproximadamente un 6% del peso corporal, formando la denominada triple h\u00e9lice, esta prote\u00edna se une formando fibras, que constituyen el tejido conjuntivo.<\/p>\n<p>Nuestro Col\u00e1geno 100% Hidrolizado, se compone de col\u00e1geno Tipo 1 de Peptan\u00ae, empresa l\u00edder mundial en producci\u00f3n de col\u00e1geno.<\/p>\n<\/div>\n","protected":false},"excerpt":{"rendered":"<p>Beneficios<\/p>\n<ul>\n<li>Rejuvenecimiento<\/li>\n<li>Belleza de la piel<\/li>\n<li>Cabello y u\u00f1as saludables<\/li>\n<li>Peso corporal adecuado<\/li>\n<li>Mejora articulaciones y ligamentos<\/li>\n<li>Huesos m\u00e1s fuertes<\/li>\n<li>Aumenta densidad muscular<\/li>\n<li>Regeneraci\u00f3n muscular<\/li>\n<\/ul>\n","protected":false},"featured_media":4084,"comment_status":"open","ping_status":"closed","template":"","meta":{"_monsterinsights_skip_tracking":false,"_monsterinsights_sitenote_active":false,"_monsterinsights_sitenote_note":"","_monsterinsights_sitenote_category":0},"product_cat":[119,120,118,117],"product_tag":[],"class_list":{"0":"post-2332","1":"product","2":"type-product","3":"status-publish","4":"has-post-thumbnail","6":"product_cat-atletismo","7":"product_cat-deporte","8":"product_cat-gimnasio","9":"product_cat-salud","11":"first","12":"instock","13":"shipping-taxable","14":"purchasable","15":"product-type-variable"},"_links":{"self":[{"href":"https:\/\/nutricionecuador.com\/index.php?rest_route=\/wp\/v2\/product\/2332"}],"collection":[{"href":"https:\/\/nutricionecuador.com\/index.php?rest_route=\/wp\/v2\/product"}],"about":[{"href":"https:\/\/nutricionecuador.com\/index.php?rest_route=\/wp\/v2\/types\/product"}],"replies":[{"embeddable":true,"href":"https:\/\/nutricionecuador.com\/index.php?rest_route=%2Fwp%2Fv2%2Fcomments&post=2332"}],"wp:featuredmedia":[{"embeddable":true,"href":"https:\/\/nutricionecuador.com\/index.php?rest_route=\/wp\/v2\/media\/4084"}],"wp:attachment":[{"href":"https:\/\/nutricionecuador.com\/index.php?rest_route=%2Fwp%2Fv2%2Fmedia&parent=2332"}],"wp:term":[{"taxonomy":"product_cat","embeddable":true,"href":"https:\/\/nutricionecuador.com\/index.php?rest_route=%2Fwp%2Fv2%2Fproduct_cat&post=2332"},{"taxonomy":"product_tag","embeddable":true,"href":"https:\/\/nutricionecuador.com\/index.php?rest_route=%2Fwp%2Fv2%2Fproduct_tag&post=2332"}],"curies":[{"name":"wp","href":"https:\/\/api.w.org\/{rel}","templated":true}]}}