{"id":2346,"date":"2017-06-18T17:37:33","date_gmt":"2017-06-18T22:37:33","guid":{"rendered":"https:\/\/nutricionecuador.com\/?post_type=product&#038;p=2346"},"modified":"2021-09-15T00:32:09","modified_gmt":"2021-09-15T05:32:09","slug":"proteina-de-soya","status":"publish","type":"product","link":"https:\/\/nutricionecuador.com\/?product=proteina-de-soya","title":{"rendered":"Proteina de Soya"},"content":{"rendered":"<h3>\u00bfQu\u00e9 es la Prote\u00edna de Soya?<\/h3>\n<p>La prote\u00edna de de soya presume de contar con el m\u00e1s alto contenido en prote\u00ednas compar\u00e1ndolo con cualquier otra prote\u00edna de soya en polvo. Nuestro extracto proteico de soya est\u00e1 compuesto de soya desgrasada 100% no transg\u00e9nica siguiendo un proceso astringente que elimina la mayor parte del contenido de grasas y carbohidratos. El producto resultante consigue un 90% m\u00e1s de contenido en prote\u00ednas con la m\u00ednima cantidad de grasas y carbohidratos y no contiene lactosa.<\/p>\n<h3>\u00bfPara qui\u00e9n se recomienda el consumo de la Prote\u00edna de Soya?<\/h3>\n<p>El extracto proteico de soja es la elecci\u00f3n perfecta para vegetarianos, veganos y aquellos con dietas espec\u00edficas como por ejemplo dietas para personas que no toleran la lactosa.<\/p>\n","protected":false},"excerpt":{"rendered":"<h4 class=\"heading\">Principales ventajas<\/h4>\n<ul>\n<li>M\u00e1s de 90% de prote\u00edna<\/li>\n<li>Apto para vegetarianos y veganos<\/li>\n<li>Rico en amino \u00e1cidos esenciales<\/li>\n<li>Podr\u00eda reducir el riesgo de cardiopat\u00edas y bajar el colesterol<\/li>\n<\/ul>\n","protected":false},"featured_media":3573,"comment_status":"open","ping_status":"closed","template":"","meta":{"_monsterinsights_skip_tracking":false,"_monsterinsights_sitenote_active":false,"_monsterinsights_sitenote_note":"","_monsterinsights_sitenote_category":0},"product_cat":[120,118],"product_tag":[],"class_list":{"0":"post-2346","1":"product","2":"type-product","3":"status-publish","4":"has-post-thumbnail","6":"product_cat-deporte","7":"product_cat-gimnasio","9":"first","10":"instock","11":"shipping-taxable","12":"purchasable","13":"product-type-variable"},"_links":{"self":[{"href":"https:\/\/nutricionecuador.com\/index.php?rest_route=\/wp\/v2\/product\/2346"}],"collection":[{"href":"https:\/\/nutricionecuador.com\/index.php?rest_route=\/wp\/v2\/product"}],"about":[{"href":"https:\/\/nutricionecuador.com\/index.php?rest_route=\/wp\/v2\/types\/product"}],"replies":[{"embeddable":true,"href":"https:\/\/nutricionecuador.com\/index.php?rest_route=%2Fwp%2Fv2%2Fcomments&post=2346"}],"wp:featuredmedia":[{"embeddable":true,"href":"https:\/\/nutricionecuador.com\/index.php?rest_route=\/wp\/v2\/media\/3573"}],"wp:attachment":[{"href":"https:\/\/nutricionecuador.com\/index.php?rest_route=%2Fwp%2Fv2%2Fmedia&parent=2346"}],"wp:term":[{"taxonomy":"product_cat","embeddable":true,"href":"https:\/\/nutricionecuador.com\/index.php?rest_route=%2Fwp%2Fv2%2Fproduct_cat&post=2346"},{"taxonomy":"product_tag","embeddable":true,"href":"https:\/\/nutricionecuador.com\/index.php?rest_route=%2Fwp%2Fv2%2Fproduct_tag&post=2346"}],"curies":[{"name":"wp","href":"https:\/\/api.w.org\/{rel}","templated":true}]}}