{"id":2347,"date":"2017-06-18T17:42:15","date_gmt":"2017-06-18T22:42:15","guid":{"rendered":"https:\/\/nutricionecuador.com\/?post_type=product&#038;p=2347"},"modified":"2021-05-01T08:36:05","modified_gmt":"2021-05-01T13:36:05","slug":"dextrosa","status":"publish","type":"product","link":"https:\/\/nutricionecuador.com\/?product=dextrosa","title":{"rendered":"Fibra Prebiotica (Inulina)"},"content":{"rendered":"<h3>\u00bfQu\u00e9 es la Inulina?<\/h3>\n<p>La\u00a0<b>inulina<\/b>\u00a0es un tipo de fibra prebi\u00f3tica soluble en agua\u00a0<b>que<\/b>\u00a0se encuentra en las cebollas, los poros, el ajo, los esp\u00e1rragos, alcachofa de Jerusal\u00e9n y muchos otros alimentos. Los prebi\u00f3ticos son indigeribles, pero ayudan a nutrir a las bacterias ben\u00e9ficas en\u00a0<b>su<\/b>\u00a0cuerpo.<\/p>\n<p>&nbsp;<\/p>\n<h3>\u00bfPara qu\u00e9 sirve la Fibra?<\/h3>\n<ul>\n<li>Tiene 30 componentes\u00a0<strong>antioxidantes.<\/strong>\u00a0El m\u00e1s importante de ellos es el\u00a0<strong>betacaroteno.<\/strong>\u00a0Su funci\u00f3n principal es el reforzar el sistema inmune contra enfermedades graves como el c\u00e1ncer, problemas de piel y de o\u00eddo.<\/li>\n<li>Es rica en\u00a0<strong>vitaminas A y B y minerales<\/strong>\u00a0como\u00a0 potasio, calcio, magnesio y f\u00f3sforo.<\/li>\n<li>Contiene\u00a0<strong>\u00e1cido f\u00f3lico, \u00e1cido pantot\u00e9nico, niacina y riboflavina.<\/strong><\/li>\n<li>Tiene un alto contendido en<strong>\u00a0fibra soluble<\/strong>\u00a0que evita el estre\u00f1imiento, y mejora la flora intestinal.<\/li>\n<li>Sus\u00a0<strong>componentes amargos<\/strong>\u00a0favorecen a un metabolismo \u00f3ptimo, lo que es beneficioso para\u00a0<strong>evitar\u00a0la obesidad.<\/strong><\/li>\n<li>Puede Reducir el Riesgo de <strong>Diabetes<\/strong><\/li>\n<li>Previene el <strong>estre\u00f1imiento<\/strong><\/li>\n<\/ul>\n","protected":false},"excerpt":{"rendered":"<h4 class=\"heading\">Beneficios<\/h4>\n<ul>\n<li>Excelente fuente de energ\u00eda<\/li>\n<li>R\u00e1pido aporte energ\u00e9tico<\/li>\n<li>Carbohidratos de alto \u00edndice gluc\u00e9mico<\/li>\n<li>Sabor dulce y de disoluci\u00f3n instant\u00e1nea<\/li>\n<\/ul>\n","protected":false},"featured_media":3571,"comment_status":"open","ping_status":"closed","template":"","meta":{"_monsterinsights_skip_tracking":false,"_monsterinsights_sitenote_active":false,"_monsterinsights_sitenote_note":"","_monsterinsights_sitenote_category":0},"product_cat":[120,118],"product_tag":[],"class_list":{"0":"post-2347","1":"product","2":"type-product","3":"status-publish","4":"has-post-thumbnail","6":"product_cat-deporte","7":"product_cat-gimnasio","9":"first","10":"instock","11":"shipping-taxable","12":"purchasable","13":"product-type-simple"},"_links":{"self":[{"href":"https:\/\/nutricionecuador.com\/index.php?rest_route=\/wp\/v2\/product\/2347"}],"collection":[{"href":"https:\/\/nutricionecuador.com\/index.php?rest_route=\/wp\/v2\/product"}],"about":[{"href":"https:\/\/nutricionecuador.com\/index.php?rest_route=\/wp\/v2\/types\/product"}],"replies":[{"embeddable":true,"href":"https:\/\/nutricionecuador.com\/index.php?rest_route=%2Fwp%2Fv2%2Fcomments&post=2347"}],"wp:featuredmedia":[{"embeddable":true,"href":"https:\/\/nutricionecuador.com\/index.php?rest_route=\/wp\/v2\/media\/3571"}],"wp:attachment":[{"href":"https:\/\/nutricionecuador.com\/index.php?rest_route=%2Fwp%2Fv2%2Fmedia&parent=2347"}],"wp:term":[{"taxonomy":"product_cat","embeddable":true,"href":"https:\/\/nutricionecuador.com\/index.php?rest_route=%2Fwp%2Fv2%2Fproduct_cat&post=2347"},{"taxonomy":"product_tag","embeddable":true,"href":"https:\/\/nutricionecuador.com\/index.php?rest_route=%2Fwp%2Fv2%2Fproduct_tag&post=2347"}],"curies":[{"name":"wp","href":"https:\/\/api.w.org\/{rel}","templated":true}]}}