{"id":2348,"date":"2017-06-18T17:43:24","date_gmt":"2017-06-18T22:43:24","guid":{"rendered":"https:\/\/nutricionecuador.com\/?post_type=product&#038;p=2348"},"modified":"2025-05-14T21:52:13","modified_gmt":"2025-05-15T02:52:13","slug":"vitamina-c","status":"publish","type":"product","link":"https:\/\/nutricionecuador.com\/?product=vitamina-c","title":{"rendered":"Vitamina C"},"content":{"rendered":"<p>La vitamina C (\u00e1cido asc\u00f3rbico) es una vitamina esencial soluble en agua que realiza muchas funciones en el cuerpo humano, siendo una de las m\u00e1s importantes su efecto antioxidante. Nuestra vitamina C en polvo 100% pura procede del \u00e1cido asc\u00f3rbico.<\/p>\n<h3>M\u00e1s informaci\u00f3n sobre la vitamina C<\/h3>\n<p>Una de las funciones m\u00e1s importantes de la vitamina C es actuar como antioxidante, protegiendo al colesterol LDL del deterioro ocasionado por la oxidaci\u00f3n. Cuando el LDL se da\u00f1a, el colesterol puede causar problemas al coraz\u00f3n pero la vitamina C act\u00faa como un importante protector antioxidante del LDL. Las propiedades antioxidantes tambi\u00e9n protegen a los fumadores de los efectos perjudiciales de los radicales libres.<\/p>\n","protected":false},"excerpt":{"rendered":"<h4 class=\"heading\">Beneficios<\/h4>\n<ul>\n<li>Mejora la funci\u00f3n inmunol\u00f3gica<\/li>\n<li>Magn\u00edfico antioxidante<\/li>\n<li>Conserva el tejido conjuntivo<\/li>\n<\/ul>\n","protected":false},"featured_media":4070,"comment_status":"open","ping_status":"closed","template":"","meta":{"_monsterinsights_skip_tracking":false,"_monsterinsights_sitenote_active":false,"_monsterinsights_sitenote_note":"","_monsterinsights_sitenote_category":0},"product_cat":[119,117],"product_tag":[],"class_list":{"0":"post-2348","1":"product","2":"type-product","3":"status-publish","4":"has-post-thumbnail","6":"product_cat-atletismo","7":"product_cat-salud","9":"first","10":"instock","11":"shipping-taxable","12":"purchasable","13":"product-type-simple"},"_links":{"self":[{"href":"https:\/\/nutricionecuador.com\/index.php?rest_route=\/wp\/v2\/product\/2348"}],"collection":[{"href":"https:\/\/nutricionecuador.com\/index.php?rest_route=\/wp\/v2\/product"}],"about":[{"href":"https:\/\/nutricionecuador.com\/index.php?rest_route=\/wp\/v2\/types\/product"}],"replies":[{"embeddable":true,"href":"https:\/\/nutricionecuador.com\/index.php?rest_route=%2Fwp%2Fv2%2Fcomments&post=2348"}],"wp:featuredmedia":[{"embeddable":true,"href":"https:\/\/nutricionecuador.com\/index.php?rest_route=\/wp\/v2\/media\/4070"}],"wp:attachment":[{"href":"https:\/\/nutricionecuador.com\/index.php?rest_route=%2Fwp%2Fv2%2Fmedia&parent=2348"}],"wp:term":[{"taxonomy":"product_cat","embeddable":true,"href":"https:\/\/nutricionecuador.com\/index.php?rest_route=%2Fwp%2Fv2%2Fproduct_cat&post=2348"},{"taxonomy":"product_tag","embeddable":true,"href":"https:\/\/nutricionecuador.com\/index.php?rest_route=%2Fwp%2Fv2%2Fproduct_tag&post=2348"}],"curies":[{"name":"wp","href":"https:\/\/api.w.org\/{rel}","templated":true}]}}